{"id":20,"date":"2022-12-06T17:42:28","date_gmt":"2022-12-06T16:42:28","guid":{"rendered":"http:\/\/bournaw.cluster028.hosting.ovh.net\/?page_id=20"},"modified":"2025-08-28T11:48:29","modified_gmt":"2025-08-28T09:48:29","slug":"mentions-legales","status":"publish","type":"page","link":"https:\/\/bournazel-tarn.fr\/index.php\/mentions-legales\/","title":{"rendered":"Mentions l\u00e9gales"},"content":{"rendered":"\n<p class=\"has-text-align-center\"><strong>Si\u00e8ge social<\/strong><\/p>\n\n\n\n<p class=\"has-text-align-center\">Mairie de Bournazel<\/p>\n\n\n\n<p class=\"has-text-align-center\">185 route de Mouzieys-Panens<\/p>\n\n\n\n<p class=\"has-text-align-center\">81170 Bournazel<\/p>\n\n\n\n<p class=\"has-text-align-center\"><strong>Contact<\/strong><\/p>\n\n\n\n<p class=\"has-text-align-center\">T\u00e9l\u00e9phone : 05 63 56 11 52<\/p>\n\n\n\n<p class=\"has-text-align-center\">Email : <em>mairie<\/em>.<em>bournazel<\/em>.81@orange.fr<\/p>\n\n\n\n<p class=\"has-text-align-center\"><strong>Repr\u00e9sentant l\u00e9gal<\/strong><\/p>\n\n\n\n<p class=\"has-text-align-center\">Monsieur J\u00e9r\u00f4me FLAMENT<\/p>\n","protected":false},"excerpt":{"rendered":"<p>Si\u00e8ge social Mairie de Bournazel 185 route de Mouzieys-Panens 81170 Bournazel Contact T\u00e9l\u00e9phone : 05 63 56 11 52 Email : mairie.bournazel.81@orange.fr Repr\u00e9sentant l\u00e9gal Monsieur J\u00e9r\u00f4me FLAMENT<\/p>\n","protected":false},"author":1,"featured_media":0,"parent":0,"menu_order":0,"comment_status":"closed","ping_status":"closed","template":"","meta":{"footnotes":""},"class_list":["post-20","page","type-page","status-publish"],"_links":{"self":[{"href":"https:\/\/bournazel-tarn.fr\/index.php\/wp-json\/wp\/v2\/pages\/20","targetHints":{"allow":["GET"]}}],"collection":[{"href":"https:\/\/bournazel-tarn.fr\/index.php\/wp-json\/wp\/v2\/pages"}],"about":[{"href":"https:\/\/bournazel-tarn.fr\/index.php\/wp-json\/wp\/v2\/types\/page"}],"author":[{"embeddable":true,"href":"https:\/\/bournazel-tarn.fr\/index.php\/wp-json\/wp\/v2\/users\/1"}],"replies":[{"embeddable":true,"href":"https:\/\/bournazel-tarn.fr\/index.php\/wp-json\/wp\/v2\/comments?post=20"}],"version-history":[{"count":4,"href":"https:\/\/bournazel-tarn.fr\/index.php\/wp-json\/wp\/v2\/pages\/20\/revisions"}],"predecessor-version":[{"id":871,"href":"https:\/\/bournazel-tarn.fr\/index.php\/wp-json\/wp\/v2\/pages\/20\/revisions\/871"}],"wp:attachment":[{"href":"https:\/\/bournazel-tarn.fr\/index.php\/wp-json\/wp\/v2\/media?parent=20"}],"curies":[{"name":"wp","href":"https:\/\/api.w.org\/{rel}","templated":true}]}}