{"id":225,"date":"2023-02-02T13:25:18","date_gmt":"2023-02-02T12:25:18","guid":{"rendered":"https:\/\/bournazel-tarn.fr\/?page_id=225"},"modified":"2026-04-14T09:08:51","modified_gmt":"2026-04-14T07:08:51","slug":"arretes-prefectoraux","status":"publish","type":"page","link":"https:\/\/bournazel-tarn.fr\/index.php\/arretes-prefectoraux\/","title":{"rendered":"Arr\u00eat\u00e9s Pr\u00e9fectoraux"},"content":{"rendered":"\n<hr class=\"wp-block-separator has-alpha-channel-opacity\"\/>\n\n\n\n<div data-wp-interactive=\"core\/file\" class=\"wp-block-file aligncenter\"><object data-wp-bind--hidden=\"!state.hasPdfPreview\" hidden class=\"wp-block-file__embed\" data=\"https:\/\/bournazel-tarn.fr\/wp-content\/uploads\/2026\/04\/260410_Avenant_temporaire_peche_eau_douce.pdf\" type=\"application\/pdf\" style=\"width:100%;height:600px\" aria-label=\"Contenu embarqu\u00e9 260410_Avenant_temporaire_peche_eau_douce.\"><\/object><a id=\"wp-block-file--media-044faadf-cb75-474d-b794-1984fc6a7f88\" href=\"https:\/\/bournazel-tarn.fr\/wp-content\/uploads\/2026\/04\/260410_Avenant_temporaire_peche_eau_douce.pdf\">260410_Avenant_temporaire_peche_eau_douce<\/a><a href=\"https:\/\/bournazel-tarn.fr\/wp-content\/uploads\/2026\/04\/260410_Avenant_temporaire_peche_eau_douce.pdf\" class=\"wp-block-file__button wp-element-button\" download aria-describedby=\"wp-block-file--media-044faadf-cb75-474d-b794-1984fc6a7f88\">T\u00e9l\u00e9charger<\/a><\/div>\n\n\n\n<hr class=\"wp-block-separator has-alpha-channel-opacity\"\/>\n\n\n\n<div data-wp-interactive=\"core\/file\" class=\"wp-block-file aligncenter\"><object data-wp-bind--hidden=\"!state.hasPdfPreview\" hidden class=\"wp-block-file__embed\" data=\"https:\/\/bournazel-tarn.fr\/wp-content\/uploads\/2026\/01\/Arrete-dates-candidatures.pdf\" type=\"application\/pdf\" style=\"width:100%;height:600px\" aria-label=\"Contenu embarqu\u00e9 Arr\u00eat\u00e9 dates candidatures.\"><\/object><a id=\"wp-block-file--media-cbbe7caf-a056-46b6-b083-2957121645bd\" href=\"https:\/\/bournazel-tarn.fr\/wp-content\/uploads\/2026\/01\/Arrete-dates-candidatures.pdf\">Arr\u00eat\u00e9 dates candidatures<\/a><a href=\"https:\/\/bournazel-tarn.fr\/wp-content\/uploads\/2026\/01\/Arrete-dates-candidatures.pdf\" class=\"wp-block-file__button wp-element-button\" download aria-describedby=\"wp-block-file--media-cbbe7caf-a056-46b6-b083-2957121645bd\">T\u00e9l\u00e9charger<\/a><\/div>\n\n\n\n<hr class=\"wp-block-separator has-alpha-channel-opacity\"\/>\n\n\n\n<div data-wp-interactive=\"core\/file\" class=\"wp-block-file aligncenter\"><object data-wp-bind--hidden=\"!state.hasPdfPreview\" hidden class=\"wp-block-file__embed\" data=\"https:\/\/bournazel-tarn.fr\/wp-content\/uploads\/2026\/01\/AP-relatif-au-calendrier-des-journees-nationales-de-quetes-sur-la-voie-publique.pdf\" type=\"application\/pdf\" style=\"width:100%;height:600px\" aria-label=\"Contenu embarqu\u00e9 AP relatif au calendrier des journ\u00e9es nationales de qu\u00eates sur la voie publique.\"><\/object><a id=\"wp-block-file--media-00864fee-fdf3-49e0-a004-6afb81355db1\" href=\"https:\/\/bournazel-tarn.fr\/wp-content\/uploads\/2026\/01\/AP-relatif-au-calendrier-des-journees-nationales-de-quetes-sur-la-voie-publique.pdf\">AP relatif au calendrier des journ\u00e9es nationales de qu\u00eates sur la voie publique<\/a><a href=\"https:\/\/bournazel-tarn.fr\/wp-content\/uploads\/2026\/01\/AP-relatif-au-calendrier-des-journees-nationales-de-quetes-sur-la-voie-publique.pdf\" class=\"wp-block-file__button wp-element-button\" download aria-describedby=\"wp-block-file--media-00864fee-fdf3-49e0-a004-6afb81355db1\">T\u00e9l\u00e9charger<\/a><\/div>\n\n\n\n<hr class=\"wp-block-separator has-alpha-channel-opacity\"\/>\n\n\n\n<div data-wp-interactive=\"core\/file\" class=\"wp-block-file\"><object data-wp-bind--hidden=\"!state.hasPdfPreview\" hidden class=\"wp-block-file__embed\" data=\"https:\/\/bournazel-tarn.fr\/wp-content\/uploads\/2026\/01\/AIP_Modification-Statuts-Syndicat-Mixte-Eaux-Levezou-Segala_30122025.pdf\" type=\"application\/pdf\" style=\"width:100%;height:600px\" aria-label=\"Contenu embarqu\u00e9 AIP_Modification Statuts Syndicat Mixte Eaux L\u00e9v\u00e9zou-S\u00e9gala_30122025.\"><\/object><a id=\"wp-block-file--media-d2e83348-542b-4938-a380-31a81a219517\" href=\"https:\/\/bournazel-tarn.fr\/wp-content\/uploads\/2026\/01\/AIP_Modification-Statuts-Syndicat-Mixte-Eaux-Levezou-Segala_30122025.pdf\">AIP_Modification Statuts Syndicat Mixte Eaux L\u00e9v\u00e9zou-S\u00e9gala_30122025<\/a><a href=\"https:\/\/bournazel-tarn.fr\/wp-content\/uploads\/2026\/01\/AIP_Modification-Statuts-Syndicat-Mixte-Eaux-Levezou-Segala_30122025.pdf\" class=\"wp-block-file__button wp-element-button\" download aria-describedby=\"wp-block-file--media-d2e83348-542b-4938-a380-31a81a219517\">T\u00e9l\u00e9charger<\/a><\/div>\n\n\n\n<hr class=\"wp-block-separator has-alpha-channel-opacity\"\/>\n\n\n\n<div data-wp-interactive=\"core\/file\" class=\"wp-block-file\"><object data-wp-bind--hidden=\"!state.hasPdfPreview\" hidden class=\"wp-block-file__embed\" data=\"https:\/\/bournazel-tarn.fr\/wp-content\/uploads\/2026\/01\/AP-29.12.2025.pdf\" type=\"application\/pdf\" style=\"width:100%;height:600px\" aria-label=\"Contenu embarqu\u00e9 AP 29.12.2025.\"><\/object><a id=\"wp-block-file--media-d4dead4a-57d9-4df0-a6b1-dc2d1da8d120\" href=\"https:\/\/bournazel-tarn.fr\/wp-content\/uploads\/2026\/01\/AP-29.12.2025.pdf\">AP 29.12.2025<\/a><a href=\"https:\/\/bournazel-tarn.fr\/wp-content\/uploads\/2026\/01\/AP-29.12.2025.pdf\" class=\"wp-block-file__button wp-element-button\" download aria-describedby=\"wp-block-file--media-d4dead4a-57d9-4df0-a6b1-dc2d1da8d120\">T\u00e9l\u00e9charger<\/a><\/div>\n\n\n\n<hr class=\"wp-block-separator has-alpha-channel-opacity\"\/>\n\n\n\n<div data-wp-interactive=\"core\/file\" class=\"wp-block-file\"><object data-wp-bind--hidden=\"!state.hasPdfPreview\" hidden class=\"wp-block-file__embed\" data=\"https:\/\/bournazel-tarn.fr\/wp-content\/uploads\/2025\/12\/AP-19-12-2025-3.pdf\" type=\"application\/pdf\" style=\"width:100%;height:600px\" aria-label=\"Contenu embarqu\u00e9 AP 19 12 2025 (3).\"><\/object><a id=\"wp-block-file--media-417fac41-0b22-4f1e-887c-b8f94b268f94\" href=\"https:\/\/bournazel-tarn.fr\/wp-content\/uploads\/2025\/12\/AP-19-12-2025-3.pdf\">AP 19 12 2025 (3)<\/a><a href=\"https:\/\/bournazel-tarn.fr\/wp-content\/uploads\/2025\/12\/AP-19-12-2025-3.pdf\" class=\"wp-block-file__button wp-element-button\" download aria-describedby=\"wp-block-file--media-417fac41-0b22-4f1e-887c-b8f94b268f94\">T\u00e9l\u00e9charger<\/a><\/div>\n\n\n\n<hr class=\"wp-block-separator has-alpha-channel-opacity\"\/>\n\n\n\n<div data-wp-interactive=\"core\/file\" class=\"wp-block-file\"><object data-wp-bind--hidden=\"!state.hasPdfPreview\" hidden class=\"wp-block-file__embed\" data=\"https:\/\/bournazel-tarn.fr\/wp-content\/uploads\/2025\/12\/251018_AP_restriction-signe.pdf\" type=\"application\/pdf\" style=\"width:100%;height:600px\" aria-label=\"Contenu embarqu\u00e9 251018_AP_restriction-signe.\"><\/object><a id=\"wp-block-file--media-8c51abb3-e293-4d4c-9c31-cd2879b5d04d\" href=\"https:\/\/bournazel-tarn.fr\/wp-content\/uploads\/2025\/12\/251018_AP_restriction-signe.pdf\">251018_AP_restriction-signe<\/a><a href=\"https:\/\/bournazel-tarn.fr\/wp-content\/uploads\/2025\/12\/251018_AP_restriction-signe.pdf\" class=\"wp-block-file__button wp-element-button\" download aria-describedby=\"wp-block-file--media-8c51abb3-e293-4d4c-9c31-cd2879b5d04d\">T\u00e9l\u00e9charger<\/a><\/div>\n\n\n\n<hr class=\"wp-block-separator has-alpha-channel-opacity\"\/>\n\n\n\n<div data-wp-interactive=\"core\/file\" class=\"wp-block-file\"><object data-wp-bind--hidden=\"!state.hasPdfPreview\" hidden class=\"wp-block-file__embed\" data=\"https:\/\/bournazel-tarn.fr\/wp-content\/uploads\/2025\/08\/250816_AP_restriction_vsigne.pdf\" type=\"application\/pdf\" style=\"width:100%;height:600px\" aria-label=\"Contenu embarqu\u00e9 250816_AP_restriction_vsigne.\"><\/object><a id=\"wp-block-file--media-a862486a-ebdd-4d3c-ad4f-b402e314dd62\" href=\"https:\/\/bournazel-tarn.fr\/wp-content\/uploads\/2025\/08\/250816_AP_restriction_vsigne.pdf\">250816_AP_restriction_vsigne<\/a><a href=\"https:\/\/bournazel-tarn.fr\/wp-content\/uploads\/2025\/08\/250816_AP_restriction_vsigne.pdf\" class=\"wp-block-file__button wp-element-button\" download aria-describedby=\"wp-block-file--media-a862486a-ebdd-4d3c-ad4f-b402e314dd62\">T\u00e9l\u00e9charger<\/a><\/div>\n\n\n\n<hr class=\"wp-block-separator has-alpha-channel-opacity\"\/>\n\n\n\n<div data-wp-interactive=\"core\/file\" class=\"wp-block-file\"><object data-wp-bind--hidden=\"!state.hasPdfPreview\" hidden class=\"wp-block-file__embed\" data=\"https:\/\/bournazel-tarn.fr\/wp-content\/uploads\/2025\/07\/250802_AP_restriction_s-1.pdf\" type=\"application\/pdf\" style=\"width:100%;height:600px\" aria-label=\"Contenu embarqu\u00e9 250802_AP_restriction_s.\"><\/object><a id=\"wp-block-file--media-78b14dbe-07a6-47d3-85d0-a87cfb55dce8\" href=\"https:\/\/bournazel-tarn.fr\/wp-content\/uploads\/2025\/07\/250802_AP_restriction_s-1.pdf\">250802_AP_restriction_s<\/a><a href=\"https:\/\/bournazel-tarn.fr\/wp-content\/uploads\/2025\/07\/250802_AP_restriction_s-1.pdf\" class=\"wp-block-file__button wp-element-button\" download aria-describedby=\"wp-block-file--media-78b14dbe-07a6-47d3-85d0-a87cfb55dce8\">T\u00e9l\u00e9charger<\/a><\/div>\n\n\n\n<hr class=\"wp-block-separator has-alpha-channel-opacity\"\/>\n\n\n\n<div data-wp-interactive=\"core\/file\" class=\"wp-block-file\"><object data-wp-bind--hidden=\"!state.hasPdfPreview\" hidden class=\"wp-block-file__embed\" data=\"https:\/\/bournazel-tarn.fr\/wp-content\/uploads\/2025\/07\/250726_AP_restriction.pdf\" type=\"application\/pdf\" style=\"width:100%;height:600px\" aria-label=\"Contenu embarqu\u00e9 250726_AP_restriction.\"><\/object><a id=\"wp-block-file--media-dcbc1387-2cd4-482c-9486-ffd12bb4c86b\" href=\"https:\/\/bournazel-tarn.fr\/wp-content\/uploads\/2025\/07\/250726_AP_restriction.pdf\">250726_AP_restriction<\/a><a href=\"https:\/\/bournazel-tarn.fr\/wp-content\/uploads\/2025\/07\/250726_AP_restriction.pdf\" class=\"wp-block-file__button wp-element-button\" download aria-describedby=\"wp-block-file--media-dcbc1387-2cd4-482c-9486-ffd12bb4c86b\">T\u00e9l\u00e9charger<\/a><\/div>\n\n\n\n<hr class=\"wp-block-separator has-alpha-channel-opacity\"\/>\n\n\n\n<div data-wp-interactive=\"core\/file\" class=\"wp-block-file\"><object data-wp-bind--hidden=\"!state.hasPdfPreview\" hidden class=\"wp-block-file__embed\" data=\"https:\/\/bournazel-tarn.fr\/wp-content\/uploads\/2025\/07\/250717_AP_restrictions-1.pdf\" type=\"application\/pdf\" style=\"width:100%;height:600px\" aria-label=\"Contenu embarqu\u00e9 250717_AP_restrictions.\"><\/object><a id=\"wp-block-file--media-35aac191-1aa3-4850-892a-62d7dd42e61d\" href=\"https:\/\/bournazel-tarn.fr\/wp-content\/uploads\/2025\/07\/250717_AP_restrictions-1.pdf\">250717_AP_restrictions<\/a><a href=\"https:\/\/bournazel-tarn.fr\/wp-content\/uploads\/2025\/07\/250717_AP_restrictions-1.pdf\" class=\"wp-block-file__button wp-element-button\" download aria-describedby=\"wp-block-file--media-35aac191-1aa3-4850-892a-62d7dd42e61d\">T\u00e9l\u00e9charger<\/a><\/div>\n\n\n\n<hr class=\"wp-block-separator has-alpha-channel-opacity\"\/>\n\n\n\n<div data-wp-interactive=\"core\/file\" class=\"wp-block-file\"><object data-wp-bind--hidden=\"!state.hasPdfPreview\" hidden class=\"wp-block-file__embed\" data=\"https:\/\/bournazel-tarn.fr\/wp-content\/uploads\/2025\/07\/250712_AP_restriction-signe.pdf\" type=\"application\/pdf\" style=\"width:100%;height:600px\" aria-label=\"Contenu embarqu\u00e9 250712_AP_restriction sign\u00e9.\"><\/object><a id=\"wp-block-file--media-bcc69f91-a52b-4fd9-8367-a5d2f68b1195\" href=\"https:\/\/bournazel-tarn.fr\/wp-content\/uploads\/2025\/07\/250712_AP_restriction-signe.pdf\">250712_AP_restriction sign\u00e9<\/a><a href=\"https:\/\/bournazel-tarn.fr\/wp-content\/uploads\/2025\/07\/250712_AP_restriction-signe.pdf\" class=\"wp-block-file__button wp-element-button\" download aria-describedby=\"wp-block-file--media-bcc69f91-a52b-4fd9-8367-a5d2f68b1195\">T\u00e9l\u00e9charger<\/a><\/div>\n\n\n\n<hr class=\"wp-block-separator has-alpha-channel-opacity\"\/>\n\n\n<div class=\"wp-block-image\">\n<figure class=\"aligncenter size-full\"><img loading=\"lazy\" decoding=\"async\" width=\"621\" height=\"858\" src=\"https:\/\/bournazel-tarn.fr\/wp-content\/uploads\/2025\/06\/Capture-decran-2025-06-10-130901.png\" alt=\"\" class=\"wp-image-799\" srcset=\"https:\/\/bournazel-tarn.fr\/wp-content\/uploads\/2025\/06\/Capture-decran-2025-06-10-130901.png 621w, https:\/\/bournazel-tarn.fr\/wp-content\/uploads\/2025\/06\/Capture-decran-2025-06-10-130901-217x300.png 217w\" sizes=\"auto, (max-width: 621px) 100vw, 621px\" \/><\/figure>\n<\/div>\n\n<div class=\"wp-block-image\">\n<figure class=\"aligncenter size-full\"><img loading=\"lazy\" decoding=\"async\" width=\"633\" height=\"839\" src=\"https:\/\/bournazel-tarn.fr\/wp-content\/uploads\/2025\/06\/Capture-decran-2025-06-10-130930.png\" alt=\"\" class=\"wp-image-798\" srcset=\"https:\/\/bournazel-tarn.fr\/wp-content\/uploads\/2025\/06\/Capture-decran-2025-06-10-130930.png 633w, https:\/\/bournazel-tarn.fr\/wp-content\/uploads\/2025\/06\/Capture-decran-2025-06-10-130930-226x300.png 226w\" sizes=\"auto, (max-width: 633px) 100vw, 633px\" \/><\/figure>\n<\/div>\n\n\n<hr class=\"wp-block-separator has-alpha-channel-opacity\"\/>\n\n\n\n<div data-wp-interactive=\"core\/file\" class=\"wp-block-file\"><object data-wp-bind--hidden=\"!state.hasPdfPreview\" hidden class=\"wp-block-file__embed\" data=\"https:\/\/bournazel-tarn.fr\/wp-content\/uploads\/2024\/10\/241010_Restriction_d_eau_81_signe.pdf\" type=\"application\/pdf\" style=\"width:100%;height:600px\" aria-label=\"Contenu embarqu\u00e9 241010_Restriction_d_eau_81_sign\u00e9.\"><\/object><a id=\"wp-block-file--media-84821f99-724c-45ba-a99a-092b7a1a9554\" href=\"https:\/\/bournazel-tarn.fr\/wp-content\/uploads\/2024\/10\/241010_Restriction_d_eau_81_signe.pdf\">241010_Restriction_d_eau_81_sign\u00e9<\/a><a href=\"https:\/\/bournazel-tarn.fr\/wp-content\/uploads\/2024\/10\/241010_Restriction_d_eau_81_signe.pdf\" class=\"wp-block-file__button wp-element-button\" download aria-describedby=\"wp-block-file--media-84821f99-724c-45ba-a99a-092b7a1a9554\">T\u00e9l\u00e9charger<\/a><\/div>\n\n\n\n<hr class=\"wp-block-separator has-alpha-channel-opacity\"\/>\n","protected":false},"excerpt":{"rendered":"","protected":false},"author":1,"featured_media":0,"parent":0,"menu_order":0,"comment_status":"closed","ping_status":"closed","template":"","meta":{"footnotes":""},"class_list":["post-225","page","type-page","status-publish"],"_links":{"self":[{"href":"https:\/\/bournazel-tarn.fr\/index.php\/wp-json\/wp\/v2\/pages\/225","targetHints":{"allow":["GET"]}}],"collection":[{"href":"https:\/\/bournazel-tarn.fr\/index.php\/wp-json\/wp\/v2\/pages"}],"about":[{"href":"https:\/\/bournazel-tarn.fr\/index.php\/wp-json\/wp\/v2\/types\/page"}],"author":[{"embeddable":true,"href":"https:\/\/bournazel-tarn.fr\/index.php\/wp-json\/wp\/v2\/users\/1"}],"replies":[{"embeddable":true,"href":"https:\/\/bournazel-tarn.fr\/index.php\/wp-json\/wp\/v2\/comments?post=225"}],"version-history":[{"count":20,"href":"https:\/\/bournazel-tarn.fr\/index.php\/wp-json\/wp\/v2\/pages\/225\/revisions"}],"predecessor-version":[{"id":1059,"href":"https:\/\/bournazel-tarn.fr\/index.php\/wp-json\/wp\/v2\/pages\/225\/revisions\/1059"}],"wp:attachment":[{"href":"https:\/\/bournazel-tarn.fr\/index.php\/wp-json\/wp\/v2\/media?parent=225"}],"curies":[{"name":"wp","href":"https:\/\/api.w.org\/{rel}","templated":true}]}}