{"id":237,"date":"2023-02-02T13:26:51","date_gmt":"2023-02-02T12:26:51","guid":{"rendered":"https:\/\/bournazel-tarn.fr\/?page_id=237"},"modified":"2024-07-16T13:36:06","modified_gmt":"2024-07-16T11:36:06","slug":"recensement-citoyen","status":"publish","type":"page","link":"https:\/\/bournazel-tarn.fr\/index.php\/recensement-citoyen\/","title":{"rendered":"Recensement Citoyen"},"content":{"rendered":"\n<details class=\"wp-block-details is-layout-flow wp-block-details-is-layout-flow\"><summary>\u00c0 16 ans, le recensement citoyen est une d\u00e9marche obligatoire. Tous les jeunes de nationalit\u00e9 fran\u00e7aise, filles et gar\u00e7ons, doivent se faire recenser \u00e0 la mairie de leur domicile entre le jour anniversaire de leurs 16 ans et la fin du 3\u00e8me mois suivant.<br>L\u2019attestation de recensement qui est d\u00e9livr\u00e9e est indispensable pour \u00eatre convoqu\u00e9 \u00e0 la Journ\u00e9e d\u00e9fense et citoyennet\u00e9 (JDC), mais \u00e9galement pour s\u2019inscrire aux examens et concours (baccalaur\u00e9at, permis moto et auto, concours de la fonction publique).<br>De plus, ce document permet d\u2019\u00eatre inscrit d\u2019office sur les listes \u00e9lectorales \u00e0 sa majorit\u00e9.<br><strong><u>Pr\u00e9parez votre dossier<\/u><\/strong><br>Des documents sont n\u00e9cessaires et doivent \u00eatre produits pour toute demande :\u00a0<strong>pr\u00e9parez-les avant de vous rendre \u00e0 la mairie<\/strong><br>&#8211; un titre d\u2019identit\u00e9 (carte d\u2019identit\u00e9 ou passeport), valide<br>&#8211; le livret de famille de vos parents ou\u00a0un extrait avec filiation de votre acte de naissance \u00e0 demander aupr\u00e8s de la mairie de votre lieu de naissance<\/summary>\n<p><\/p>\n<\/details>\n","protected":false},"excerpt":{"rendered":"","protected":false},"author":1,"featured_media":0,"parent":0,"menu_order":0,"comment_status":"closed","ping_status":"closed","template":"","meta":{"footnotes":""},"class_list":["post-237","page","type-page","status-publish"],"_links":{"self":[{"href":"https:\/\/bournazel-tarn.fr\/index.php\/wp-json\/wp\/v2\/pages\/237","targetHints":{"allow":["GET"]}}],"collection":[{"href":"https:\/\/bournazel-tarn.fr\/index.php\/wp-json\/wp\/v2\/pages"}],"about":[{"href":"https:\/\/bournazel-tarn.fr\/index.php\/wp-json\/wp\/v2\/types\/page"}],"author":[{"embeddable":true,"href":"https:\/\/bournazel-tarn.fr\/index.php\/wp-json\/wp\/v2\/users\/1"}],"replies":[{"embeddable":true,"href":"https:\/\/bournazel-tarn.fr\/index.php\/wp-json\/wp\/v2\/comments?post=237"}],"version-history":[{"count":4,"href":"https:\/\/bournazel-tarn.fr\/index.php\/wp-json\/wp\/v2\/pages\/237\/revisions"}],"predecessor-version":[{"id":490,"href":"https:\/\/bournazel-tarn.fr\/index.php\/wp-json\/wp\/v2\/pages\/237\/revisions\/490"}],"wp:attachment":[{"href":"https:\/\/bournazel-tarn.fr\/index.php\/wp-json\/wp\/v2\/media?parent=237"}],"curies":[{"name":"wp","href":"https:\/\/api.w.org\/{rel}","templated":true}]}}