{"id":451,"date":"2024-07-16T12:08:25","date_gmt":"2024-07-16T10:08:25","guid":{"rendered":"https:\/\/bournazel-tarn.fr\/?page_id=451"},"modified":"2024-07-16T12:08:25","modified_gmt":"2024-07-16T10:08:25","slug":"sinscrire-sur-les-listes-electorales","status":"publish","type":"page","link":"https:\/\/bournazel-tarn.fr\/index.php\/elections\/sinscrire-sur-les-listes-electorales\/","title":{"rendered":"S&rsquo;inscrire sur les listes \u00e9lectorales"},"content":{"rendered":"\n<details class=\"wp-block-details is-layout-flow wp-block-details-is-layout-flow\"><summary>Pour participer aux \u00e9lections politiques, il faut \u00eatre inscrit sur les listes \u00e9lectorales. L\u2019inscription est automatique pour les jeunes de 18 ans (sous r\u00e9serve d\u2019avoir accompli les formalit\u00e9s de recensement \u00e0 l\u2019\u00e2ge de 16 ans). Si vous vous trouvez dans une autre situation (recensement tardif, d\u00e9m\u00e9nagement, recouvrement de l\u2019exercice du droit de vote, citoyen europ\u00e9en r\u00e9sidant en France\u2026), vous devez faire la d\u00e9marche de vous inscrire.<br>Conditions \u00e0 remplir\u00a0:<br>Avoir au moins 18 ans la veille du jour de l\u2019\u00e9lection,<br>Avoir la nationalit\u00e9 fran\u00e7aise,<br>Jouir de ses droits civiques.<br><strong>Pr\u00e9parez votre dossier et faite votre demande en ligne\u00a0:<\/strong><br><a href=\"https:\/\/www.service-public.fr\/particuliers\/vosdroits\/R16396\">https:\/\/www.service-public.fr\/particuliers\/vosdroits\/R16396<\/a><br>Pour tout compl\u00e9ment d\u2019information, veuillez-vous rendre en mairie.<\/summary>\n<p><\/p>\n\n\n\n<p><a href=\"https:\/\/www.service-public.fr\/particuliers\/vosdroits\/R16396\">https:\/\/www.service-public.fr\/particuliers\/vosdroits\/R16396<\/a><\/p>\n<\/details>\n","protected":false},"excerpt":{"rendered":"","protected":false},"author":2,"featured_media":0,"parent":235,"menu_order":0,"comment_status":"closed","ping_status":"closed","template":"","meta":{"footnotes":""},"class_list":["post-451","page","type-page","status-publish"],"_links":{"self":[{"href":"https:\/\/bournazel-tarn.fr\/index.php\/wp-json\/wp\/v2\/pages\/451","targetHints":{"allow":["GET"]}}],"collection":[{"href":"https:\/\/bournazel-tarn.fr\/index.php\/wp-json\/wp\/v2\/pages"}],"about":[{"href":"https:\/\/bournazel-tarn.fr\/index.php\/wp-json\/wp\/v2\/types\/page"}],"author":[{"embeddable":true,"href":"https:\/\/bournazel-tarn.fr\/index.php\/wp-json\/wp\/v2\/users\/2"}],"replies":[{"embeddable":true,"href":"https:\/\/bournazel-tarn.fr\/index.php\/wp-json\/wp\/v2\/comments?post=451"}],"version-history":[{"count":1,"href":"https:\/\/bournazel-tarn.fr\/index.php\/wp-json\/wp\/v2\/pages\/451\/revisions"}],"predecessor-version":[{"id":452,"href":"https:\/\/bournazel-tarn.fr\/index.php\/wp-json\/wp\/v2\/pages\/451\/revisions\/452"}],"up":[{"embeddable":true,"href":"https:\/\/bournazel-tarn.fr\/index.php\/wp-json\/wp\/v2\/pages\/235"}],"wp:attachment":[{"href":"https:\/\/bournazel-tarn.fr\/index.php\/wp-json\/wp\/v2\/media?parent=451"}],"curies":[{"name":"wp","href":"https:\/\/api.w.org\/{rel}","templated":true}]}}