{"id":459,"date":"2024-07-16T12:20:00","date_gmt":"2024-07-16T10:20:00","guid":{"rendered":"https:\/\/bournazel-tarn.fr\/?page_id=459"},"modified":"2024-12-19T09:59:18","modified_gmt":"2024-12-19T08:59:18","slug":"mariage","status":"publish","type":"page","link":"https:\/\/bournazel-tarn.fr\/index.php\/etat-civil\/mariage\/","title":{"rendered":"Mariage"},"content":{"rendered":"\n<details class=\"wp-block-details is-layout-flow wp-block-details-is-layout-flow\"><summary>C\u00e9l\u00e9bration<br><br><\/summary>\n<p>La c\u00e9l\u00e9bration du mariage \u00e0 Bournazel est possible si&nbsp;:<\/p>\n\n\n\n<ul class=\"wp-block-list\">\n<li>l\u2019un des futurs \u00e9poux y est domicili\u00e9<\/li>\n\n\n\n<li>l\u2019un des futurs \u00e9poux y d\u00e9tient sa r\u00e9sidence continue depuis plus d\u2019un mois au moment de la publication des bans<\/li>\n\n\n\n<li>l\u2019un des parents (p\u00e8re ou m\u00e8re) y est domicili\u00e9 ou y d\u00e9tient une r\u00e9sidence depuis au moins un mois au moment de la publication des bans.<\/li>\n<\/ul>\n\n\n\n<p>Le dossier de mariage est \u00e0 retirer en mairie, tous les renseignements vous seront alors donn\u00e9s concernant la date et le d\u00e9roulement de la c\u00e9r\u00e9monie.<\/p>\n\n\n\n<p>Vous pouvez aussi vous rendre sur le site service-public.fr&nbsp;: <a href=\"https:\/\/www.service-public.fr\/particuliers\/recherche?keyword=mariage\">https:\/\/www.service-public.fr\/particuliers\/recherche?keyword=mariage<\/a><\/p>\n\n\n\n<p><\/p>\n\n\n\n<p><\/p>\n\n\n\n<ul class=\"wp-block-list\">\n<li><\/li>\n<\/ul>\n\n\n\n<p><\/p>\n\n\n\n<p><\/p>\n\n\n\n<p><\/p>\n<\/details>\n","protected":false},"excerpt":{"rendered":"","protected":false},"author":2,"featured_media":0,"parent":229,"menu_order":0,"comment_status":"closed","ping_status":"closed","template":"","meta":{"footnotes":""},"class_list":["post-459","page","type-page","status-publish"],"_links":{"self":[{"href":"https:\/\/bournazel-tarn.fr\/index.php\/wp-json\/wp\/v2\/pages\/459","targetHints":{"allow":["GET"]}}],"collection":[{"href":"https:\/\/bournazel-tarn.fr\/index.php\/wp-json\/wp\/v2\/pages"}],"about":[{"href":"https:\/\/bournazel-tarn.fr\/index.php\/wp-json\/wp\/v2\/types\/page"}],"author":[{"embeddable":true,"href":"https:\/\/bournazel-tarn.fr\/index.php\/wp-json\/wp\/v2\/users\/2"}],"replies":[{"embeddable":true,"href":"https:\/\/bournazel-tarn.fr\/index.php\/wp-json\/wp\/v2\/comments?post=459"}],"version-history":[{"count":11,"href":"https:\/\/bournazel-tarn.fr\/index.php\/wp-json\/wp\/v2\/pages\/459\/revisions"}],"predecessor-version":[{"id":672,"href":"https:\/\/bournazel-tarn.fr\/index.php\/wp-json\/wp\/v2\/pages\/459\/revisions\/672"}],"up":[{"embeddable":true,"href":"https:\/\/bournazel-tarn.fr\/index.php\/wp-json\/wp\/v2\/pages\/229"}],"wp:attachment":[{"href":"https:\/\/bournazel-tarn.fr\/index.php\/wp-json\/wp\/v2\/media?parent=459"}],"curies":[{"name":"wp","href":"https:\/\/api.w.org\/{rel}","templated":true}]}}