{"id":474,"date":"2024-07-16T13:06:48","date_gmt":"2024-07-16T11:06:48","guid":{"rendered":"https:\/\/bournazel-tarn.fr\/?page_id=474"},"modified":"2024-07-16T13:06:49","modified_gmt":"2024-07-16T11:06:49","slug":"declaration-de-naissance","status":"publish","type":"page","link":"https:\/\/bournazel-tarn.fr\/index.php\/declaration-de-naissance\/","title":{"rendered":"D\u00e9claration de naissance"},"content":{"rendered":"\n<details class=\"wp-block-details is-layout-flow wp-block-details-is-layout-flow\"><summary>La d\u00e9claration de naissance des enfants n\u00e9s sur la commune de Bournazel doit \u00eatre effectu\u00e9e devant l&rsquo;officier d&rsquo;\u00e9tat civil, \u00e0 la mairie de Bournazel, dans un d\u00e9lai de 5 jours.<br>Les documents obligatoires \u00e0 pr\u00e9senter en mairie sont\u00a0:<br>le certificat d\u2019accouchement<br>les pi\u00e8ces d\u2019identit\u00e9\u00a0de chaque parent<br>la pi\u00e8ce d\u2019identit\u00e9 du d\u00e9clarant si autre que les parents<br>le livret de famille s\u2019il existe<br>S\u2019il y a lieu\u00a0:<br>l\u2019acte de reconnaissance pr\u00e9natale,<br>la d\u00e9claration conjointe de choix de nom sign\u00e9e par les deux parents, s\u2019ils envisagent de donner \u00e0 leur premier enfant un autre nom que celui du p\u00e8re.<\/summary>\n<p><\/p>\n<\/details>\n","protected":false},"excerpt":{"rendered":"","protected":false},"author":2,"featured_media":0,"parent":0,"menu_order":0,"comment_status":"closed","ping_status":"closed","template":"","meta":{"footnotes":""},"class_list":["post-474","page","type-page","status-publish"],"_links":{"self":[{"href":"https:\/\/bournazel-tarn.fr\/index.php\/wp-json\/wp\/v2\/pages\/474","targetHints":{"allow":["GET"]}}],"collection":[{"href":"https:\/\/bournazel-tarn.fr\/index.php\/wp-json\/wp\/v2\/pages"}],"about":[{"href":"https:\/\/bournazel-tarn.fr\/index.php\/wp-json\/wp\/v2\/types\/page"}],"author":[{"embeddable":true,"href":"https:\/\/bournazel-tarn.fr\/index.php\/wp-json\/wp\/v2\/users\/2"}],"replies":[{"embeddable":true,"href":"https:\/\/bournazel-tarn.fr\/index.php\/wp-json\/wp\/v2\/comments?post=474"}],"version-history":[{"count":1,"href":"https:\/\/bournazel-tarn.fr\/index.php\/wp-json\/wp\/v2\/pages\/474\/revisions"}],"predecessor-version":[{"id":475,"href":"https:\/\/bournazel-tarn.fr\/index.php\/wp-json\/wp\/v2\/pages\/474\/revisions\/475"}],"wp:attachment":[{"href":"https:\/\/bournazel-tarn.fr\/index.php\/wp-json\/wp\/v2\/media?parent=474"}],"curies":[{"name":"wp","href":"https:\/\/api.w.org\/{rel}","templated":true}]}}