{"id":477,"date":"2024-07-16T13:10:52","date_gmt":"2024-07-16T11:10:52","guid":{"rendered":"https:\/\/bournazel-tarn.fr\/?page_id=477"},"modified":"2024-07-16T13:12:28","modified_gmt":"2024-07-16T11:12:28","slug":"pacs","status":"publish","type":"page","link":"https:\/\/bournazel-tarn.fr\/index.php\/pacs\/","title":{"rendered":"PACS"},"content":{"rendered":"\n<details class=\"wp-block-details is-layout-flow wp-block-details-is-layout-flow\"><summary>Vous voulez conclure un pacte civil de solidarit\u00e9 (Pacs)\u00a0? Ce contrat vous permet d&rsquo;organiser votre vie commune. Vous devez remplir certaines conditions et r\u00e9diger une convention. Votre Pacs peut \u00eatre enregistr\u00e9 en mairie, dans une ambassade ou un consulat, ou chez un notaire.<br><a href=\"https:\/\/www.service-public.fr\/particuliers\/vosdroits\/F1618\">https:\/\/www.service-public.fr\/particuliers\/vosdroits\/F1618<\/a><br>Contacter la maire pour d\u00e9poser le dossier et fixer une date pour la c\u00e9r\u00e9monie.<\/summary>\n<p><\/p>\n\n\n\n<p><\/p>\n\n\n\n<p><\/p>\n<\/details>\n","protected":false},"excerpt":{"rendered":"","protected":false},"author":2,"featured_media":0,"parent":0,"menu_order":0,"comment_status":"closed","ping_status":"closed","template":"","meta":{"footnotes":""},"class_list":["post-477","page","type-page","status-publish"],"_links":{"self":[{"href":"https:\/\/bournazel-tarn.fr\/index.php\/wp-json\/wp\/v2\/pages\/477","targetHints":{"allow":["GET"]}}],"collection":[{"href":"https:\/\/bournazel-tarn.fr\/index.php\/wp-json\/wp\/v2\/pages"}],"about":[{"href":"https:\/\/bournazel-tarn.fr\/index.php\/wp-json\/wp\/v2\/types\/page"}],"author":[{"embeddable":true,"href":"https:\/\/bournazel-tarn.fr\/index.php\/wp-json\/wp\/v2\/users\/2"}],"replies":[{"embeddable":true,"href":"https:\/\/bournazel-tarn.fr\/index.php\/wp-json\/wp\/v2\/comments?post=477"}],"version-history":[{"count":2,"href":"https:\/\/bournazel-tarn.fr\/index.php\/wp-json\/wp\/v2\/pages\/477\/revisions"}],"predecessor-version":[{"id":480,"href":"https:\/\/bournazel-tarn.fr\/index.php\/wp-json\/wp\/v2\/pages\/477\/revisions\/480"}],"wp:attachment":[{"href":"https:\/\/bournazel-tarn.fr\/index.php\/wp-json\/wp\/v2\/media?parent=477"}],"curies":[{"name":"wp","href":"https:\/\/api.w.org\/{rel}","templated":true}]}}