{"id":482,"date":"2024-07-16T13:19:51","date_gmt":"2024-07-16T11:19:51","guid":{"rendered":"https:\/\/bournazel-tarn.fr\/?page_id=482"},"modified":"2024-07-16T13:29:15","modified_gmt":"2024-07-16T11:29:15","slug":"deces","status":"publish","type":"page","link":"https:\/\/bournazel-tarn.fr\/index.php\/deces\/","title":{"rendered":"D\u00e9c\u00e8s"},"content":{"rendered":"\n<details class=\"wp-block-details is-layout-flow wp-block-details-is-layout-flow\"><summary><strong><u>Demande acte de d\u00e9c\u00e8s<\/u><\/strong><br>Toute personne, m\u00eame si elle n&rsquo;a aucun lien de parent\u00e9 avec le d\u00e9funt, peut demander un acte de d\u00e9c\u00e8s.<br>La demande peut \u00eatre faite sur place ou par correspondance, aupr\u00e8s de la mairie du lieu o\u00f9 a \u00e9t\u00e9 dress\u00e9 l\u2019acte ou du dernier domicile du d\u00e9funt.<br>Par correspondance, indiquer les nom et pr\u00e9nom du d\u00e9funt ainsi que la date du d\u00e9c\u00e8s et joindre une enveloppe timbr\u00e9e \u00e0 votre adresse.<br><strong><u>D\u00e9claration de d\u00e9c\u00e8s<\/u><\/strong><br><strong>O\u00f9 faire la d\u00e9claration ?<\/strong><br>Aupr\u00e8s du service \u00e9tat civil de la mairie o\u00f9 le d\u00e9c\u00e8s a eu lieu.<br><strong>Par qui ?<\/strong><br>Par un parent, une personne poss\u00e9dant les renseignements les plus exacts et les plus complets sur l&rsquo;\u00e9tat civil du d\u00e9funt ou par un mandataire habilit\u00e9 \u00e0 cet effet.<br><strong>Quand ?<\/strong><br>Dans les 24 heures suivant le d\u00e9c\u00e8s.<br><strong>Pi\u00e8ces \u00e0 produire :<\/strong><br>Pi\u00e8ce d\u2019identit\u00e9 du d\u00e9funt et du d\u00e9clarant<br>Le livret de famille ou l\u2019acte de naissance du d\u00e9funt<br>Certificat m\u00e9dical de d\u00e9c\u00e8s.<br>Pour v\u00e9rifier la validit\u00e9 de toutes ces informations, veuillez contacter la mairie ou vous rendre sur le site service-public.fr\u00a0: <a href=\"https:\/\/www.service-public.fr\/particuliers\/vosdroits\/N165\">https:\/\/www.service-public.fr\/particuliers\/vosdroits\/N165<\/a><\/summary>\n<p><\/p>\n<\/details>\n","protected":false},"excerpt":{"rendered":"","protected":false},"author":2,"featured_media":0,"parent":0,"menu_order":0,"comment_status":"closed","ping_status":"closed","template":"","meta":{"footnotes":""},"class_list":["post-482","page","type-page","status-publish"],"_links":{"self":[{"href":"https:\/\/bournazel-tarn.fr\/index.php\/wp-json\/wp\/v2\/pages\/482","targetHints":{"allow":["GET"]}}],"collection":[{"href":"https:\/\/bournazel-tarn.fr\/index.php\/wp-json\/wp\/v2\/pages"}],"about":[{"href":"https:\/\/bournazel-tarn.fr\/index.php\/wp-json\/wp\/v2\/types\/page"}],"author":[{"embeddable":true,"href":"https:\/\/bournazel-tarn.fr\/index.php\/wp-json\/wp\/v2\/users\/2"}],"replies":[{"embeddable":true,"href":"https:\/\/bournazel-tarn.fr\/index.php\/wp-json\/wp\/v2\/comments?post=482"}],"version-history":[{"count":2,"href":"https:\/\/bournazel-tarn.fr\/index.php\/wp-json\/wp\/v2\/pages\/482\/revisions"}],"predecessor-version":[{"id":486,"href":"https:\/\/bournazel-tarn.fr\/index.php\/wp-json\/wp\/v2\/pages\/482\/revisions\/486"}],"wp:attachment":[{"href":"https:\/\/bournazel-tarn.fr\/index.php\/wp-json\/wp\/v2\/media?parent=482"}],"curies":[{"name":"wp","href":"https:\/\/api.w.org\/{rel}","templated":true}]}}