{"id":505,"date":"2024-07-16T14:29:39","date_gmt":"2024-07-16T12:29:39","guid":{"rendered":"https:\/\/bournazel-tarn.fr\/?page_id=505"},"modified":"2024-07-16T14:29:40","modified_gmt":"2024-07-16T12:29:40","slug":"declaration-prealable-de-travaux","status":"publish","type":"page","link":"https:\/\/bournazel-tarn.fr\/index.php\/declaration-prealable-de-travaux\/","title":{"rendered":"D\u00e9claration pr\u00e9alable de travaux"},"content":{"rendered":"\n<details class=\"wp-block-details is-layout-flow wp-block-details-is-layout-flow\"><summary>La d\u00e9claration pr\u00e9alable est une autorisation d&rsquo;urbanisme obligatoire \u00e0 la r\u00e9alisation de certains travaux pour lesquels il n&rsquo;y a pas \u00e0 demander un permis de construire. Vous devez obtenir cette autorisation avant d&rsquo;entreprendre les travaux.<br>Les travaux et constructions suivants peuvent faire l\u2019objet d\u2019une DP\u00a0:<br><a href=\"https:\/\/www.service-public.fr\/particuliers\/vosdroits\/F36762\">Changement de fen\u00eatre, de volet, de porte<\/a><br><a href=\"https:\/\/www.service-public.fr\/particuliers\/vosdroits\/F36766\">Installation d&rsquo;une fen\u00eatre de toit<\/a><br><a href=\"https:\/\/www.service-public.fr\/particuliers\/vosdroits\/F36767\">Travaux sur la toiture<\/a><br><a href=\"https:\/\/www.service-public.fr\/particuliers\/vosdroits\/F36768\">Construction d\u2019une v\u00e9randa, d\u2019un garage<\/a><br><a href=\"https:\/\/www.service-public.fr\/particuliers\/vosdroits\/F36773\">Construction d\u2019une pergola ou un carport<\/a><br><a href=\"https:\/\/www.service-public.fr\/particuliers\/vosdroits\/F36774\">Construction d\u2019une terrasse<\/a><br><a href=\"https:\/\/www.service-public.fr\/particuliers\/vosdroits\/F24612\">Construction d\u2019une cave<\/a><br><a href=\"https:\/\/www.service-public.fr\/particuliers\/vosdroits\/F36775\">Am\u00e9nagement des combles<\/a><br><a href=\"https:\/\/www.service-public.fr\/particuliers\/vosdroits\/F36776\">Transformation d\u2019un garage en chambre<\/a><br><a href=\"https:\/\/www.service-public.fr\/particuliers\/vosdroits\/F36777\">Agrandissement, sur\u00e9l\u00e9vation<\/a><br><a href=\"https:\/\/www.service-public.fr\/particuliers\/vosdroits\/F36778\">Pose de boitier de climatisation ou de pompe \u00e0 chaleur<\/a><br><a href=\"https:\/\/www.service-public.fr\/particuliers\/vosdroits\/F36779\">Ravalement de fa\u00e7ade<\/a><br><a href=\"https:\/\/www.service-public.fr\/particuliers\/vosdroits\/F36780\">Installation d&rsquo;une serre<\/a><br><a href=\"https:\/\/www.service-public.fr\/particuliers\/vosdroits\/F3131\">Mur et cl\u00f4ture<\/a><br><a href=\"https:\/\/www.service-public.fr\/particuliers\/vosdroits\/F31923\">Pose de panneaux solaires au sol<\/a><br><a href=\"https:\/\/www.service-public.fr\/particuliers\/vosdroits\/F36798\">Pose de panneaux solaires sur un toit<\/a><br><a href=\"https:\/\/www.service-public.fr\/particuliers\/vosdroits\/F31404\">Installation d\u2019une piscine<\/a><br><a href=\"https:\/\/www.service-public.fr\/particuliers\/vosdroits\/F662\">Construction d\u2019un abri de jardin<\/a><br><a href=\"https:\/\/entreprendre.service-public.fr\/vosdroits\/F31201\" target=\"_blank\" rel=\"noreferrer noopener\">Cabane de chantier<\/a><br><a href=\"https:\/\/www.service-public.fr\/particuliers\/vosdroits\/F620\">Installation de caravane dans votre jardin<\/a><br><a href=\"https:\/\/entreprendre.service-public.fr\/vosdroits\/F35336\" target=\"_blank\" rel=\"noreferrer noopener\">Changement de destination<\/a><br>Le contenu du dossier de DP et les d\u00e9lais d&rsquo;instruction sont diff\u00e9rents quand votre projet se situe dans un secteur prot\u00e9g\u00e9. Il s&rsquo;agit des\u00a0<em><u>sites patrimoniaux remarquables : Villes, villages ou quartiers dont la conservation, la restauration, la r\u00e9habilitation ou la mise en valeur pr\u00e9sente, au point de vue historique, architectural, arch\u00e9ologique, artistique ou paysager, un int\u00e9r\u00eat public<\/u><\/em>, des abords des monuments historiques, des\u00a0<em><u>sites class\u00e9s ou en instance de classement : Site et monument naturels dont la conservation ou la pr\u00e9servation pr\u00e9sente un int\u00e9r\u00eat g\u00e9n\u00e9ral au point de vue artistique, historique, scientifique, l\u00e9gendaire ou pittoresque<\/u><\/em>, des r\u00e9serves naturelles, des espaces ayant vocation \u00e0 \u00eatre class\u00e9s dans le c\u0153ur d&rsquo;un futur parc national ou au c\u0153ur des parcs nationaux.<br><a href=\"https:\/\/www.service-public.fr\/particuliers\/vosdroits\/F17578\">https:\/\/www.service-public.fr\/particuliers\/vosdroits\/F17578<\/a><\/summary>\n<p><\/p>\n<\/details>\n","protected":false},"excerpt":{"rendered":"","protected":false},"author":2,"featured_media":0,"parent":0,"menu_order":0,"comment_status":"closed","ping_status":"closed","template":"","meta":{"footnotes":""},"class_list":["post-505","page","type-page","status-publish"],"_links":{"self":[{"href":"https:\/\/bournazel-tarn.fr\/index.php\/wp-json\/wp\/v2\/pages\/505","targetHints":{"allow":["GET"]}}],"collection":[{"href":"https:\/\/bournazel-tarn.fr\/index.php\/wp-json\/wp\/v2\/pages"}],"about":[{"href":"https:\/\/bournazel-tarn.fr\/index.php\/wp-json\/wp\/v2\/types\/page"}],"author":[{"embeddable":true,"href":"https:\/\/bournazel-tarn.fr\/index.php\/wp-json\/wp\/v2\/users\/2"}],"replies":[{"embeddable":true,"href":"https:\/\/bournazel-tarn.fr\/index.php\/wp-json\/wp\/v2\/comments?post=505"}],"version-history":[{"count":1,"href":"https:\/\/bournazel-tarn.fr\/index.php\/wp-json\/wp\/v2\/pages\/505\/revisions"}],"predecessor-version":[{"id":506,"href":"https:\/\/bournazel-tarn.fr\/index.php\/wp-json\/wp\/v2\/pages\/505\/revisions\/506"}],"wp:attachment":[{"href":"https:\/\/bournazel-tarn.fr\/index.php\/wp-json\/wp\/v2\/media?parent=505"}],"curies":[{"name":"wp","href":"https:\/\/api.w.org\/{rel}","templated":true}]}}