{"id":513,"date":"2024-07-16T14:34:27","date_gmt":"2024-07-16T12:34:27","guid":{"rendered":"https:\/\/bournazel-tarn.fr\/?page_id=513"},"modified":"2024-07-16T14:45:27","modified_gmt":"2024-07-16T12:45:27","slug":"declaration-douverture-de-chantier","status":"publish","type":"page","link":"https:\/\/bournazel-tarn.fr\/index.php\/declaration-douverture-de-chantier\/","title":{"rendered":"D\u00e9claration d\u2019ouverture de chantier"},"content":{"rendered":"\n<p>Vous venez de recevoir l&rsquo;autorisation d&rsquo;urbanisme (permis de construire ou permis d&rsquo;am\u00e9nager). Vous vous demandez s&rsquo;il faut d\u00e9clarer <strong>l&rsquo;ouverture de chantier<\/strong> ? Nous vous expliquons comment proc\u00e9der.<\/p>\n\n\n\n<p><a href=\"https:\/\/www.service-public.fr\/particuliers\/vosdroits\/F1992\">https:\/\/www.service-public.fr\/particuliers\/vosdroits\/F1992<\/a><\/p>\n","protected":false},"excerpt":{"rendered":"<p>Vous venez de recevoir l&rsquo;autorisation d&rsquo;urbanisme (permis de construire ou permis d&rsquo;am\u00e9nager). Vous vous demandez s&rsquo;il faut d\u00e9clarer l&rsquo;ouverture de chantier ? Nous vous expliquons comment proc\u00e9der. https:\/\/www.service-public.fr\/particuliers\/vosdroits\/F1992<\/p>\n","protected":false},"author":2,"featured_media":0,"parent":0,"menu_order":0,"comment_status":"closed","ping_status":"closed","template":"","meta":{"footnotes":""},"class_list":["post-513","page","type-page","status-publish"],"_links":{"self":[{"href":"https:\/\/bournazel-tarn.fr\/index.php\/wp-json\/wp\/v2\/pages\/513","targetHints":{"allow":["GET"]}}],"collection":[{"href":"https:\/\/bournazel-tarn.fr\/index.php\/wp-json\/wp\/v2\/pages"}],"about":[{"href":"https:\/\/bournazel-tarn.fr\/index.php\/wp-json\/wp\/v2\/types\/page"}],"author":[{"embeddable":true,"href":"https:\/\/bournazel-tarn.fr\/index.php\/wp-json\/wp\/v2\/users\/2"}],"replies":[{"embeddable":true,"href":"https:\/\/bournazel-tarn.fr\/index.php\/wp-json\/wp\/v2\/comments?post=513"}],"version-history":[{"count":3,"href":"https:\/\/bournazel-tarn.fr\/index.php\/wp-json\/wp\/v2\/pages\/513\/revisions"}],"predecessor-version":[{"id":523,"href":"https:\/\/bournazel-tarn.fr\/index.php\/wp-json\/wp\/v2\/pages\/513\/revisions\/523"}],"wp:attachment":[{"href":"https:\/\/bournazel-tarn.fr\/index.php\/wp-json\/wp\/v2\/media?parent=513"}],"curies":[{"name":"wp","href":"https:\/\/api.w.org\/{rel}","templated":true}]}}