{"id":515,"date":"2024-07-16T14:35:32","date_gmt":"2024-07-16T12:35:32","guid":{"rendered":"https:\/\/bournazel-tarn.fr\/?page_id=515"},"modified":"2024-07-16T14:35:32","modified_gmt":"2024-07-16T12:35:32","slug":"declaration-attestant-lachevement-et-la-conformite-des-travaux-daact","status":"publish","type":"page","link":"https:\/\/bournazel-tarn.fr\/index.php\/declaration-attestant-lachevement-et-la-conformite-des-travaux-daact\/","title":{"rendered":"D\u00e9claration attestant l\u2019ach\u00e8vement et la conformit\u00e9 des travaux (DAACT)"},"content":{"rendered":"\n<details class=\"wp-block-details is-layout-flow wp-block-details-is-layout-flow\"><summary>Vous avez termin\u00e9 la construction pour laquelle vous avez obtenu une<strong> autorisation d\u2019urbanisme <\/strong>(document d\u00e9livr\u00e9 par une autorit\u00e9 administrative pour valider qu&rsquo;un projet soit bien conforme aux r\u00e8gles d&rsquo;urbanisme en vigueur (permis de construire par exemple). Il vous reste \u00e0 en informer la mairie par une d\u00e9claration attestant l&rsquo;ach\u00e8vement et la conformit\u00e9 des travaux <strong>(DAACT). <\/strong>Nous vous expliquons comment r\u00e9aliser cette formalit\u00e9 obligatoire.<br><a href=\"https:\/\/www.service-public.fr\/particuliers\/vosdroits\/F1997\">https:\/\/www.service-public.fr\/particuliers\/vosdroits\/F1997<\/a><\/summary>\n<p><\/p>\n<\/details>\n","protected":false},"excerpt":{"rendered":"","protected":false},"author":2,"featured_media":0,"parent":0,"menu_order":0,"comment_status":"closed","ping_status":"closed","template":"","meta":{"footnotes":""},"class_list":["post-515","page","type-page","status-publish"],"_links":{"self":[{"href":"https:\/\/bournazel-tarn.fr\/index.php\/wp-json\/wp\/v2\/pages\/515","targetHints":{"allow":["GET"]}}],"collection":[{"href":"https:\/\/bournazel-tarn.fr\/index.php\/wp-json\/wp\/v2\/pages"}],"about":[{"href":"https:\/\/bournazel-tarn.fr\/index.php\/wp-json\/wp\/v2\/types\/page"}],"author":[{"embeddable":true,"href":"https:\/\/bournazel-tarn.fr\/index.php\/wp-json\/wp\/v2\/users\/2"}],"replies":[{"embeddable":true,"href":"https:\/\/bournazel-tarn.fr\/index.php\/wp-json\/wp\/v2\/comments?post=515"}],"version-history":[{"count":1,"href":"https:\/\/bournazel-tarn.fr\/index.php\/wp-json\/wp\/v2\/pages\/515\/revisions"}],"predecessor-version":[{"id":516,"href":"https:\/\/bournazel-tarn.fr\/index.php\/wp-json\/wp\/v2\/pages\/515\/revisions\/516"}],"wp:attachment":[{"href":"https:\/\/bournazel-tarn.fr\/index.php\/wp-json\/wp\/v2\/media?parent=515"}],"curies":[{"name":"wp","href":"https:\/\/api.w.org\/{rel}","templated":true}]}}